{"id":2171,"date":"2014-06-10T12:17:28","date_gmt":"2014-06-10T10:17:28","guid":{"rendered":"https:\/\/kalkmagerrasen.sawah.mobi\/?page_id=2171"},"modified":"2019-11-19T15:51:57","modified_gmt":"2019-11-19T14:51:57","slug":"eine-landschaft-mit-geschichte","status":"publish","type":"page","link":"https:\/\/kalkmagerrasen.sawah.mobi\/?page_id=2171","title":{"rendered":"Eine Landschaft mit Geschichte"},"content":{"rendered":"<p>Die alte Kulturlandschaft im Bereich der Warburger B\u00f6rde wird seit Jahrtausenden vom Ackerbau gepr\u00e4gt. Nat\u00fcrliche Lebensr\u00e4ume sucht man hier vergebens. Anders sieht es dagegen mit halbnat\u00fcrlichen Lebensr\u00e4umen aus. Sie pr\u00e4sentieren sich besonders artenreich in den Randbereichen der B\u00f6rde und im Diemeltal. Die bedeutendsten Bereiche wurden deshalb als sogenannte \u201eFauna-Flora-Habitat\u201c-Gebiete in das europ\u00e4ische Netzwerk \u201eNatura 2000\u201c aufgenommen.<\/p>\n<p>Auf dem rund sechseinhalb Kilometer langen GPS-Erlebnispfad k\u00f6nnen Sie einige dieser Lebensr\u00e4ume und ihre Bewohner hautnah erleben. Dar\u00fcber hinaus erfahren Sie Wissenswertes zur Landschaftsgeschichte und blicken 250 Jahre zur\u00fcck in die Zeit des Siebenj\u00e4hrigen Krieges, als die H\u00fcgel und Felder zwischen Ossendorf und Warburg von fast 40.000 kampfbereiten Soldaten bev\u00f6lkert waren.<\/p>\n<p>Begeben Sie sich also mit Hilfe Ihres Smartphones auf eine Entdeckungsreise, die zugleich auch eine Zeitreise ist.<\/p>","protected":false},"excerpt":{"rendered":"<p>Die alte Kulturlandschaft im Bereich der Warburger B\u00f6rde wird seit Jahrtausenden vom Ackerbau gepr\u00e4gt. Nat\u00fcrliche Lebensr\u00e4ume sucht man hier vergebens. Anders sieht es dagegen mit halbnat\u00fcrlichen Lebensr\u00e4umen aus. Sie pr\u00e4sentieren sich besonders artenreich in den Randbereichen der B\u00f6rde und im Diemeltal. Die bedeutendsten Bereiche wurden deshalb als sogenannte \u201eFauna-Flora-Habitat\u201c-Gebiete in das europ\u00e4ische Netzwerk \u201eNatura 2000\u201c [&hellip;]<\/p>\n","protected":false},"author":1,"featured_media":2076,"parent":0,"menu_order":0,"comment_status":"open","ping_status":"closed","template":"","meta":{"ngg_post_thumbnail":0},"_links":{"self":[{"href":"https:\/\/kalkmagerrasen.sawah.mobi\/index.php?rest_route=\/wp\/v2\/pages\/2171"}],"collection":[{"href":"https:\/\/kalkmagerrasen.sawah.mobi\/index.php?rest_route=\/wp\/v2\/pages"}],"about":[{"href":"https:\/\/kalkmagerrasen.sawah.mobi\/index.php?rest_route=\/wp\/v2\/types\/page"}],"author":[{"embeddable":true,"href":"https:\/\/kalkmagerrasen.sawah.mobi\/index.php?rest_route=\/wp\/v2\/users\/1"}],"replies":[{"embeddable":true,"href":"https:\/\/kalkmagerrasen.sawah.mobi\/index.php?rest_route=%2Fwp%2Fv2%2Fcomments&post=2171"}],"version-history":[{"count":1,"href":"https:\/\/kalkmagerrasen.sawah.mobi\/index.php?rest_route=\/wp\/v2\/pages\/2171\/revisions"}],"predecessor-version":[{"id":2172,"href":"https:\/\/kalkmagerrasen.sawah.mobi\/index.php?rest_route=\/wp\/v2\/pages\/2171\/revisions\/2172"}],"wp:featuredmedia":[{"embeddable":true,"href":"https:\/\/kalkmagerrasen.sawah.mobi\/index.php?rest_route=\/wp\/v2\/media\/2076"}],"wp:attachment":[{"href":"https:\/\/kalkmagerrasen.sawah.mobi\/index.php?rest_route=%2Fwp%2Fv2%2Fmedia&parent=2171"}],"curies":[{"name":"wp","href":"https:\/\/api.w.org\/{rel}","templated":true}]}}