{"id":2173,"date":"2014-06-10T12:22:41","date_gmt":"2014-06-10T10:22:41","guid":{"rendered":"https:\/\/kalkmagerrasen.sawah.mobi\/?page_id=2173"},"modified":"2014-06-10T13:31:52","modified_gmt":"2014-06-10T11:31:52","slug":"von-der-natur-zur-kulturlandschaft","status":"publish","type":"page","link":"https:\/\/kalkmagerrasen.sawah.mobi\/?page_id=2173","title":{"rendered":"Von der Natur- zur Kulturlandschaft"},"content":{"rendered":"<p>Bis vor rund 1000 Jahren gab es in Deutschland noch gro\u00dfe unber\u00fchrte Waldlandschaften. W\u00e4lder haben \u00fcber viele Jahrtausende unsere Landschaft gepr\u00e4gt, indem sie die nach Ende der Eiszeit zun\u00e4chst zur\u00fcckgebliebenen K\u00e4ltesteppen besiedelten.<\/p>\n<p>Im Mittelalter wuchs aber die Bev\u00f6lkerung &#8211; das hatte auch Folgen f\u00fcr den Wald bei uns. Der Mensch rodete die letzten gro\u00dfen W\u00e4lder und schuf so eine neue \u201eSteppenlandschaft\u201c &#8211; die \u201eAgrarsteppe\u201c. Aus den vormals relativ gleichf\u00f6rmigen W\u00e4ldern wurde ein Mosaik unterschiedlich stark vom Menschen beeinflusster \u00d6kosysteme mit \u00c4ckern, Grasland, Heiden, Geb\u00fcschen und kleinen Waldfl\u00e4chen.<\/p>\n<p>Sp\u00e4testens zum Ende des 13. Jahrhunderts war die Umwandlung der Natur- zur Kulturlandschaft in Mitteleuropa abgeschlossen. Die damals entstandene Gliederung von knapp einem Drittel Wald und gut zwei Drittel steppenartiger Landschaft mit Feldern, Gr\u00fcnland und Siedlungen ist bis heute in etwa gleich geblieben.<\/p>\n<p>Qualitativ hat sich in den letzten 150 Jahren allerdings vieles ver\u00e4ndert. Heiden, Geb\u00fcsche und Brachfl\u00e4chen sind, ebenso wie artenreiches Gr\u00fcnland, weitgehend der modernen, auf Effizienz angelegten Landwirtschaft zum Opfer gefallen. Und auch der Wald kann h\u00e4ufig nicht mehr als nat\u00fcrlich bezeichnet werden &#8211; heute dominiert der bewirtschaftete \u201eKulturforst\u201c. Ann\u00e4hernd nat\u00fcrliche Lebensr\u00e4ume sind dagegen nur noch auf etwa 2 % der Fl\u00e4che anzutreffen.<\/p>","protected":false},"excerpt":{"rendered":"<p>Bis vor rund 1000 Jahren gab es in Deutschland noch gro\u00dfe unber\u00fchrte Waldlandschaften. W\u00e4lder haben \u00fcber viele Jahrtausende unsere Landschaft gepr\u00e4gt, indem sie die nach Ende der Eiszeit zun\u00e4chst zur\u00fcckgebliebenen K\u00e4ltesteppen besiedelten. Im Mittelalter wuchs aber die Bev\u00f6lkerung &#8211; das hatte auch Folgen f\u00fcr den Wald bei uns. Der Mensch rodete die letzten gro\u00dfen W\u00e4lder [&hellip;]<\/p>\n","protected":false},"author":1,"featured_media":2075,"parent":0,"menu_order":0,"comment_status":"open","ping_status":"open","template":"","meta":{"ngg_post_thumbnail":0},"_links":{"self":[{"href":"https:\/\/kalkmagerrasen.sawah.mobi\/index.php?rest_route=\/wp\/v2\/pages\/2173"}],"collection":[{"href":"https:\/\/kalkmagerrasen.sawah.mobi\/index.php?rest_route=\/wp\/v2\/pages"}],"about":[{"href":"https:\/\/kalkmagerrasen.sawah.mobi\/index.php?rest_route=\/wp\/v2\/types\/page"}],"author":[{"embeddable":true,"href":"https:\/\/kalkmagerrasen.sawah.mobi\/index.php?rest_route=\/wp\/v2\/users\/1"}],"replies":[{"embeddable":true,"href":"https:\/\/kalkmagerrasen.sawah.mobi\/index.php?rest_route=%2Fwp%2Fv2%2Fcomments&post=2173"}],"version-history":[{"count":1,"href":"https:\/\/kalkmagerrasen.sawah.mobi\/index.php?rest_route=\/wp\/v2\/pages\/2173\/revisions"}],"predecessor-version":[{"id":2174,"href":"https:\/\/kalkmagerrasen.sawah.mobi\/index.php?rest_route=\/wp\/v2\/pages\/2173\/revisions\/2174"}],"wp:featuredmedia":[{"embeddable":true,"href":"https:\/\/kalkmagerrasen.sawah.mobi\/index.php?rest_route=\/wp\/v2\/media\/2075"}],"wp:attachment":[{"href":"https:\/\/kalkmagerrasen.sawah.mobi\/index.php?rest_route=%2Fwp%2Fv2%2Fmedia&parent=2173"}],"curies":[{"name":"wp","href":"https:\/\/api.w.org\/{rel}","templated":true}]}}