{"id":2175,"date":"2014-06-10T12:24:57","date_gmt":"2014-06-10T10:24:57","guid":{"rendered":"https:\/\/kalkmagerrasen.sawah.mobi\/?page_id=2175"},"modified":"2014-06-10T13:34:44","modified_gmt":"2014-06-10T11:34:44","slug":"wie-schafe-die-landschaft-gestalten","status":"publish","type":"page","link":"https:\/\/kalkmagerrasen.sawah.mobi\/?page_id=2175","title":{"rendered":"Wie Schafe die Landschaft gestalten"},"content":{"rendered":"<p>Kalk-Halbtrockenrasen entstanden bzw. sind\u2026entstanden durch Jahrhunderte lange Beweidung durch Schafe oder Ziegen. Vier Faktoren haben im Wesentlichen zur Entstehung der Halbtrockenrasen beigetragen:<\/p>\n<p>Schafe wurden fr\u00fcher geh\u00fctet und verbrachten die Nacht im Pferch, der oft auf einem brachliegenden oder abgeernteten Acker aufgeschlagen wurde. Weil die Tiere verst\u00e4rkt in ihren Ruhephasen abkoten, wurden so die \u00c4cker ged\u00fcngt. Im Gegenzug sind den Hutungen die N\u00e4hrstoffe entzogen worden. Sie wurden zu Magerrasen.<\/p>\n<p>Auch durch Tritt und Verbiss beeinflussen die Weidetiere die Vegetation. Sie bevorzugen schmackhafte junge, n\u00e4hrstoffreiche Gr\u00e4ser und Kr\u00e4uter sowie Jungtriebe und Bl\u00e4tter weicher Laubgeh\u00f6lze. Stachelige, harzige und dornige Pflanzen und giftige oder bittere Kr\u00e4uter m\u00f6gen sie dagegen nicht. Diese Arten werden durch den selektiven Verbiss der Schafe gef\u00f6rdert. So bilden sich die typischen Pflanzengesellschaften der Kalkmagerweiden aus.<\/p>\n<p>Vor allem die Schafe haben noch auf andere Weise zur Ausbildung der Halb-Trockenrasen beigetragen. Im Rahmen der fr\u00fcher weit verbreiteten Wandersch\u00e4ferei transportierten sie im Fell, im Magen-Darmtrakt oder an den Klauen die Samen von Pflanzen und sogar wirbellose Tiere wie zum Beispiel die Heideschnecke \u00fcber weite Distanzen in neue Lebensr\u00e4ume.<\/p>","protected":false},"excerpt":{"rendered":"<p>Kalk-Halbtrockenrasen entstanden bzw. sind\u2026entstanden durch Jahrhunderte lange Beweidung durch Schafe oder Ziegen. Vier Faktoren haben im Wesentlichen zur Entstehung der Halbtrockenrasen beigetragen: Schafe wurden fr\u00fcher geh\u00fctet und verbrachten die Nacht im Pferch, der oft auf einem brachliegenden oder abgeernteten Acker aufgeschlagen wurde. Weil die Tiere verst\u00e4rkt in ihren Ruhephasen abkoten, wurden so die \u00c4cker ged\u00fcngt. [&hellip;]<\/p>\n","protected":false},"author":1,"featured_media":2074,"parent":0,"menu_order":0,"comment_status":"open","ping_status":"open","template":"","meta":{"ngg_post_thumbnail":0},"_links":{"self":[{"href":"https:\/\/kalkmagerrasen.sawah.mobi\/index.php?rest_route=\/wp\/v2\/pages\/2175"}],"collection":[{"href":"https:\/\/kalkmagerrasen.sawah.mobi\/index.php?rest_route=\/wp\/v2\/pages"}],"about":[{"href":"https:\/\/kalkmagerrasen.sawah.mobi\/index.php?rest_route=\/wp\/v2\/types\/page"}],"author":[{"embeddable":true,"href":"https:\/\/kalkmagerrasen.sawah.mobi\/index.php?rest_route=\/wp\/v2\/users\/1"}],"replies":[{"embeddable":true,"href":"https:\/\/kalkmagerrasen.sawah.mobi\/index.php?rest_route=%2Fwp%2Fv2%2Fcomments&post=2175"}],"version-history":[{"count":1,"href":"https:\/\/kalkmagerrasen.sawah.mobi\/index.php?rest_route=\/wp\/v2\/pages\/2175\/revisions"}],"predecessor-version":[{"id":2176,"href":"https:\/\/kalkmagerrasen.sawah.mobi\/index.php?rest_route=\/wp\/v2\/pages\/2175\/revisions\/2176"}],"wp:featuredmedia":[{"embeddable":true,"href":"https:\/\/kalkmagerrasen.sawah.mobi\/index.php?rest_route=\/wp\/v2\/media\/2074"}],"wp:attachment":[{"href":"https:\/\/kalkmagerrasen.sawah.mobi\/index.php?rest_route=%2Fwp%2Fv2%2Fmedia&parent=2175"}],"curies":[{"name":"wp","href":"https:\/\/api.w.org\/{rel}","templated":true}]}}