{"id":2181,"date":"2014-06-10T12:32:37","date_gmt":"2014-06-10T10:32:37","guid":{"rendered":"https:\/\/kalkmagerrasen.sawah.mobi\/?page_id=2181"},"modified":"2014-06-10T13:25:09","modified_gmt":"2014-06-10T11:25:09","slug":"die-schlacht-bei-warburg","status":"publish","type":"page","link":"https:\/\/kalkmagerrasen.sawah.mobi\/?page_id=2181","title":{"rendered":"Die Schlacht bei Warburg"},"content":{"rendered":"<p>Weit schweift der Blick vom Heinberg \u00fcber die Warburger B\u00f6rde bis hin zum Desenberg im Osten. N\u00f6rdlich ziehen sich mehrere parallel verlaufende sanfte H\u00f6henz\u00fcge von Ossendorf im Westen bis hin nach Warburg im Osten. Entlang dieser H\u00f6henz\u00fcge hatten die Franzosen im Juli 1760 mit etwa 20.000 Mann und 24 Gesch\u00fctzen Stellung bezogen. Der Feind wurde aus nord\u00f6stlicher Richtung erwartet, denn die Alliierten hatten ein etwa gleich starkes Korps mit 26 Gesch\u00fctzen bei K\u00f6rbecke zusammengezogen.<\/p>\n<p>Nach einer Fernerkundung vom Desenberg aus entschlossen sich die Alliierten aber, die franz\u00f6sische Stellung zu umgehen und deren linke Flanke am Heinberg anzugreifen. Am 31.Juli um 7 Uhr morgens formierten sich zwei Kolonnen, die \u00fcber Borgentreich, Gro\u00dfeneder und N\u00f6rde bzw. \u00fcber L\u00fctgeneder, Hohenwepel und Menne auf Ossendorf zumarschierten. Beg\u00fcnstigt wurde die Truppenverschiebung durch dichten Morgennebel, so dass die Franzosen erst gegen 9.30 Uhr die anr\u00fcckenden feindlichen Kolonnen erkannten.<\/p>\n<p>W\u00e4hrend die schwere Artillerie mit dem Beschuss der franz\u00f6sischen Stellungen begann, versuchten zwei englische Grenadier-Bataillone den Heinberg mit seinem mittelalterlichen Turm zu besetzen. Die Franzosen hielten dagegen, indem sie ihrerseits Truppenteile dorthin sandten. Letztendlich behielten die alliierten Truppen die Oberhand und standen somit im R\u00fccken des Feindes. Ein massiver Angriff der englischen Kavallerie-Regimenter ersch\u00fctterte die franz\u00f6sische Linie so sehr, dass sich die Franzosen \u00fcber die Diemel nach S\u00fcden zur\u00fcckziehen mussten.<\/p>\n<p>Die Schlacht war gewonnen, der Krieg aber nicht. Er zog sich noch weitere drei Jahre hin und kostete Hunderttausende von Menschenleben. Allein Preu\u00dfen verlor \u00fcber 180.000 Soldaten.<\/p>","protected":false},"excerpt":{"rendered":"<p>Weit schweift der Blick vom Heinberg \u00fcber die Warburger B\u00f6rde bis hin zum Desenberg im Osten. N\u00f6rdlich ziehen sich mehrere parallel verlaufende sanfte H\u00f6henz\u00fcge von Ossendorf im Westen bis hin nach Warburg im Osten. Entlang dieser H\u00f6henz\u00fcge hatten die Franzosen im Juli 1760 mit etwa 20.000 Mann und 24 Gesch\u00fctzen Stellung bezogen. Der Feind wurde [&hellip;]<\/p>\n","protected":false},"author":1,"featured_media":2071,"parent":0,"menu_order":0,"comment_status":"open","ping_status":"open","template":"","meta":{"ngg_post_thumbnail":0},"_links":{"self":[{"href":"https:\/\/kalkmagerrasen.sawah.mobi\/index.php?rest_route=\/wp\/v2\/pages\/2181"}],"collection":[{"href":"https:\/\/kalkmagerrasen.sawah.mobi\/index.php?rest_route=\/wp\/v2\/pages"}],"about":[{"href":"https:\/\/kalkmagerrasen.sawah.mobi\/index.php?rest_route=\/wp\/v2\/types\/page"}],"author":[{"embeddable":true,"href":"https:\/\/kalkmagerrasen.sawah.mobi\/index.php?rest_route=\/wp\/v2\/users\/1"}],"replies":[{"embeddable":true,"href":"https:\/\/kalkmagerrasen.sawah.mobi\/index.php?rest_route=%2Fwp%2Fv2%2Fcomments&post=2181"}],"version-history":[{"count":1,"href":"https:\/\/kalkmagerrasen.sawah.mobi\/index.php?rest_route=\/wp\/v2\/pages\/2181\/revisions"}],"predecessor-version":[{"id":2182,"href":"https:\/\/kalkmagerrasen.sawah.mobi\/index.php?rest_route=\/wp\/v2\/pages\/2181\/revisions\/2182"}],"wp:featuredmedia":[{"embeddable":true,"href":"https:\/\/kalkmagerrasen.sawah.mobi\/index.php?rest_route=\/wp\/v2\/media\/2071"}],"wp:attachment":[{"href":"https:\/\/kalkmagerrasen.sawah.mobi\/index.php?rest_route=%2Fwp%2Fv2%2Fmedia&parent=2181"}],"curies":[{"name":"wp","href":"https:\/\/api.w.org\/{rel}","templated":true}]}}