{"id":2185,"date":"2014-06-10T12:36:42","date_gmt":"2014-06-10T10:36:42","guid":{"rendered":"https:\/\/kalkmagerrasen.sawah.mobi\/?page_id=2185"},"modified":"2014-06-10T13:33:27","modified_gmt":"2014-06-10T11:33:27","slug":"weiden-als-halbnatuerliche-lebensraeume","status":"publish","type":"page","link":"https:\/\/kalkmagerrasen.sawah.mobi\/?page_id=2185","title":{"rendered":"Weiden als halbnat\u00fcrliche Lebensr\u00e4ume"},"content":{"rendered":"<p>Grasland gibt es in den unterschiedlichsten Auspr\u00e4gungen. Es entstand allm\u00e4hlich durch Beweidung und\/oder Mahd und geh\u00f6rt seit langem zu den pr\u00e4genden Elementen der europ\u00e4ischen Kulturlandschaft. Manche Typen von Grasland sind schon vor mehreren Jahrtausenden entstanden, andere gibt es dagegen kaum l\u00e4nger als 100 Jahre oder sie sind sich noch in der Neubildung.<\/p>\n<p>Kennzeichnend f\u00fcr das Gr\u00fcnland in der traditionellen Kulturlandschaft war seine Weitl\u00e4ufigkeit und damit verbunden die relativ extensive Nutzung. Man nahm, was die Natur hergab, ged\u00fcngt wurde fast nie. Im Gegensatz zum modernen Hochleistungsgr\u00fcnland k\u00f6nnen die \u00fcber Jahrhunderte pr\u00e4genden Gr\u00fcnland\u00f6kosysteme als Extensivgrasland bezeichnet werden. Da der Mensch die Wuchsbedingungen dort kaum, zumindest aber meist nicht direkt beeinflusst hat, werden sie auch als halbnat\u00fcrliche Systeme bezeichnet.<\/p>\n<p>Die heute dominierenden Wiesen und Weiden h\u00f6herer Produktivit\u00e4t sind erst im Rahmen der modernen Landwirtschaft durch standortverbessernde Ma\u00dfnahmen und standortschonende Bewirtschaftung entstanden. In Bezug auf die Artenvielfalt k\u00f6nnen sie mit dem Extensivgr\u00fcnland aber in keinster Weise mithalten.<\/p>","protected":false},"excerpt":{"rendered":"<p>Grasland gibt es in den unterschiedlichsten Auspr\u00e4gungen. Es entstand allm\u00e4hlich durch Beweidung und\/oder Mahd und geh\u00f6rt seit langem zu den pr\u00e4genden Elementen der europ\u00e4ischen Kulturlandschaft. Manche Typen von Grasland sind schon vor mehreren Jahrtausenden entstanden, andere gibt es dagegen kaum l\u00e4nger als 100 Jahre oder sie sind sich noch in der Neubildung. Kennzeichnend f\u00fcr das [&hellip;]<\/p>\n","protected":false},"author":1,"featured_media":2069,"parent":0,"menu_order":0,"comment_status":"open","ping_status":"open","template":"","meta":{"ngg_post_thumbnail":0},"_links":{"self":[{"href":"https:\/\/kalkmagerrasen.sawah.mobi\/index.php?rest_route=\/wp\/v2\/pages\/2185"}],"collection":[{"href":"https:\/\/kalkmagerrasen.sawah.mobi\/index.php?rest_route=\/wp\/v2\/pages"}],"about":[{"href":"https:\/\/kalkmagerrasen.sawah.mobi\/index.php?rest_route=\/wp\/v2\/types\/page"}],"author":[{"embeddable":true,"href":"https:\/\/kalkmagerrasen.sawah.mobi\/index.php?rest_route=\/wp\/v2\/users\/1"}],"replies":[{"embeddable":true,"href":"https:\/\/kalkmagerrasen.sawah.mobi\/index.php?rest_route=%2Fwp%2Fv2%2Fcomments&post=2185"}],"version-history":[{"count":2,"href":"https:\/\/kalkmagerrasen.sawah.mobi\/index.php?rest_route=\/wp\/v2\/pages\/2185\/revisions"}],"predecessor-version":[{"id":2187,"href":"https:\/\/kalkmagerrasen.sawah.mobi\/index.php?rest_route=\/wp\/v2\/pages\/2185\/revisions\/2187"}],"wp:featuredmedia":[{"embeddable":true,"href":"https:\/\/kalkmagerrasen.sawah.mobi\/index.php?rest_route=\/wp\/v2\/media\/2069"}],"wp:attachment":[{"href":"https:\/\/kalkmagerrasen.sawah.mobi\/index.php?rest_route=%2Fwp%2Fv2%2Fmedia&parent=2185"}],"curies":[{"name":"wp","href":"https:\/\/api.w.org\/{rel}","templated":true}]}}