{"id":2188,"date":"2014-06-10T12:38:35","date_gmt":"2014-06-10T10:38:35","guid":{"rendered":"https:\/\/kalkmagerrasen.sawah.mobi\/?page_id=2188"},"modified":"2014-06-10T13:32:49","modified_gmt":"2014-06-10T11:32:49","slug":"wegbegleiter-des-menschen","status":"publish","type":"page","link":"https:\/\/kalkmagerrasen.sawah.mobi\/?page_id=2188","title":{"rendered":"Wegbegleiter des Menschen"},"content":{"rendered":"<p>Mit den Feldfr\u00fcchten hat der ackerbautreibende Mensch ungewollt auch viele weitere Pflanzenarten mit nach Mitteleuropa gebracht. Sie pr\u00e4gten \u00fcber viele Jahrtausende das Erscheinungsbild der \u00c4cker. Ackerwildkr\u00e4uter wie Acker-Hahnenfu\u00df, Einj\u00e4hriger Ziest oder Feldsalat gibt es schon seit der Bronzezeit auf unseren \u00c4ckern. Andere attraktive Bl\u00fctenpflanzen wie Venusspiegel, Knollen-Platterbse oder Rittersporn wanderten erst im Mittelalter in Mitteleuropa ein.<\/p>\n<p>Aber nicht nur Zuwanderer aus fernen L\u00e4ndern haben die \u00c4cker als Lebensraum entdeckt. Ca. 100 Ackerwildkr\u00e4uter waren auch vorher schon in der mitteleurop\u00e4ischen Naturlandschaft zuhause. Ihre urspr\u00fcnglichen Lebensr\u00e4ume sind unter anderem auf Schlammb\u00e4nken entlang von Fl\u00fcssen oder an den Meeresk\u00fcsten, also an Stellen, die regelm\u00e4\u00dfig wiederkehrenden St\u00f6rungen, vergleichbar dem Pflug des Bauern, ausgesetzt sind.<\/p>\n<p>Die Zusammensetzung und H\u00e4ufigkeit der Ackerwildkr\u00e4uter h\u00e4ngt von den Standortbedingungen und der Bewirtschaftungsweise ab. Auf flachgr\u00fcndigen Kalk\u00e4ckern wie hier am Rabensberg sind Wildkr\u00e4uter besonders artenreich. Dar\u00fcber hinaus sind im Wintergetreide andere Arten als im Sommergetreide oder zwischen Hackfr\u00fcchten anzutreffen. Die Gr\u00fcnde sind in der \u00d6kologie der Pflanzen zu suchen. So haben zum Beispiel Fr\u00fchjahrskeimer wenig Chancen, sich im dann schon entwickelten Wintergetreide zu etablieren.<\/p>","protected":false},"excerpt":{"rendered":"<p>Mit den Feldfr\u00fcchten hat der ackerbautreibende Mensch ungewollt auch viele weitere Pflanzenarten mit nach Mitteleuropa gebracht. Sie pr\u00e4gten \u00fcber viele Jahrtausende das Erscheinungsbild der \u00c4cker. Ackerwildkr\u00e4uter wie Acker-Hahnenfu\u00df, Einj\u00e4hriger Ziest oder Feldsalat gibt es schon seit der Bronzezeit auf unseren \u00c4ckern. Andere attraktive Bl\u00fctenpflanzen wie Venusspiegel, Knollen-Platterbse oder Rittersporn wanderten erst im Mittelalter in Mitteleuropa [&hellip;]<\/p>\n","protected":false},"author":1,"featured_media":2068,"parent":0,"menu_order":0,"comment_status":"open","ping_status":"open","template":"","meta":{"ngg_post_thumbnail":0},"_links":{"self":[{"href":"https:\/\/kalkmagerrasen.sawah.mobi\/index.php?rest_route=\/wp\/v2\/pages\/2188"}],"collection":[{"href":"https:\/\/kalkmagerrasen.sawah.mobi\/index.php?rest_route=\/wp\/v2\/pages"}],"about":[{"href":"https:\/\/kalkmagerrasen.sawah.mobi\/index.php?rest_route=\/wp\/v2\/types\/page"}],"author":[{"embeddable":true,"href":"https:\/\/kalkmagerrasen.sawah.mobi\/index.php?rest_route=\/wp\/v2\/users\/1"}],"replies":[{"embeddable":true,"href":"https:\/\/kalkmagerrasen.sawah.mobi\/index.php?rest_route=%2Fwp%2Fv2%2Fcomments&post=2188"}],"version-history":[{"count":1,"href":"https:\/\/kalkmagerrasen.sawah.mobi\/index.php?rest_route=\/wp\/v2\/pages\/2188\/revisions"}],"predecessor-version":[{"id":2189,"href":"https:\/\/kalkmagerrasen.sawah.mobi\/index.php?rest_route=\/wp\/v2\/pages\/2188\/revisions\/2189"}],"wp:featuredmedia":[{"embeddable":true,"href":"https:\/\/kalkmagerrasen.sawah.mobi\/index.php?rest_route=\/wp\/v2\/media\/2068"}],"wp:attachment":[{"href":"https:\/\/kalkmagerrasen.sawah.mobi\/index.php?rest_route=%2Fwp%2Fv2%2Fmedia&parent=2188"}],"curies":[{"name":"wp","href":"https:\/\/api.w.org\/{rel}","templated":true}]}}