{"id":2190,"date":"2014-06-10T12:39:54","date_gmt":"2014-06-10T10:39:54","guid":{"rendered":"https:\/\/kalkmagerrasen.sawah.mobi\/?page_id=2190"},"modified":"2014-06-10T13:29:20","modified_gmt":"2014-06-10T11:29:20","slug":"naturwald-kulturwald","status":"publish","type":"page","link":"https:\/\/kalkmagerrasen.sawah.mobi\/?page_id=2190","title":{"rendered":"Naturwald Kulturwald"},"content":{"rendered":"<p>Die Diemelh\u00e4nge w\u00e4ren von Natur aus weitgehend von Buchenwald bedeckt. Mit Zunahme der Bev\u00f6lkerung ist die Nutzung des Waldes aber schon im Mittelalter aus den g\u00fcnstigsten Lagen heraus auf randliche, weniger ertragreiche Standorte ausgeweitet worden. Schon damals hatte der Mensch den Wald mit seinen Weidetieren in karge Hutungen umgewandelt und noch bis Mitte des letzten Jahrhunderts pr\u00e4sentierten sich die Diemelh\u00e4nge zwischen Warburg und Ossendorf fast baumfrei.<\/p>\n<p>Mit Aufgabe der Schaf- und Ziegenhaltung sind die H\u00e4nge aufgeforstet worden. Kiefern, Fichten und Grauerlen waren die ersten gepflanzten Arten. Da den Fichten und Grauerlen aber die sommerliche Trockenheit und Hitze stark zu schaffen macht, werden die Best\u00e4nde zunehmend in Edellaubholzbest\u00e4nde \u00fcberf\u00fchrt. Heute dominieren entlang des Wanderweges Bergahorn, Vogelkirsche oder Eiche. Die Baumart aber, die hier nat\u00fcrlicherweise \u00fcberwiegen w\u00fcrde, fehlt dagegen weitgehend. Es handelt sich um die Rotbuche. Der Kulturwald unterscheidet sich somit, auch wenn er naturnah bewirtschaftet wird, deutlich vom Naturwald.<\/p>","protected":false},"excerpt":{"rendered":"<p>Die Diemelh\u00e4nge w\u00e4ren von Natur aus weitgehend von Buchenwald bedeckt. Mit Zunahme der Bev\u00f6lkerung ist die Nutzung des Waldes aber schon im Mittelalter aus den g\u00fcnstigsten Lagen heraus auf randliche, weniger ertragreiche Standorte ausgeweitet worden. Schon damals hatte der Mensch den Wald mit seinen Weidetieren in karge Hutungen umgewandelt und noch bis Mitte des letzten [&hellip;]<\/p>\n","protected":false},"author":1,"featured_media":2067,"parent":0,"menu_order":0,"comment_status":"open","ping_status":"open","template":"","meta":{"ngg_post_thumbnail":0},"_links":{"self":[{"href":"https:\/\/kalkmagerrasen.sawah.mobi\/index.php?rest_route=\/wp\/v2\/pages\/2190"}],"collection":[{"href":"https:\/\/kalkmagerrasen.sawah.mobi\/index.php?rest_route=\/wp\/v2\/pages"}],"about":[{"href":"https:\/\/kalkmagerrasen.sawah.mobi\/index.php?rest_route=\/wp\/v2\/types\/page"}],"author":[{"embeddable":true,"href":"https:\/\/kalkmagerrasen.sawah.mobi\/index.php?rest_route=\/wp\/v2\/users\/1"}],"replies":[{"embeddable":true,"href":"https:\/\/kalkmagerrasen.sawah.mobi\/index.php?rest_route=%2Fwp%2Fv2%2Fcomments&post=2190"}],"version-history":[{"count":4,"href":"https:\/\/kalkmagerrasen.sawah.mobi\/index.php?rest_route=\/wp\/v2\/pages\/2190\/revisions"}],"predecessor-version":[{"id":2204,"href":"https:\/\/kalkmagerrasen.sawah.mobi\/index.php?rest_route=\/wp\/v2\/pages\/2190\/revisions\/2204"}],"wp:featuredmedia":[{"embeddable":true,"href":"https:\/\/kalkmagerrasen.sawah.mobi\/index.php?rest_route=\/wp\/v2\/media\/2067"}],"wp:attachment":[{"href":"https:\/\/kalkmagerrasen.sawah.mobi\/index.php?rest_route=%2Fwp%2Fv2%2Fmedia&parent=2190"}],"curies":[{"name":"wp","href":"https:\/\/api.w.org\/{rel}","templated":true}]}}