{"id":2196,"date":"2014-06-10T12:42:35","date_gmt":"2014-06-10T10:42:35","guid":{"rendered":"https:\/\/kalkmagerrasen.sawah.mobi\/?page_id=2196"},"modified":"2014-06-10T13:23:51","modified_gmt":"2014-06-10T11:23:51","slug":"die-diemel-ein-von-menschen-ueberformter-lebensraum","status":"publish","type":"page","link":"https:\/\/kalkmagerrasen.sawah.mobi\/?page_id=2196","title":{"rendered":"Die Diemel"},"content":{"rendered":"<p>Entlang eines Flie\u00dfgew\u00e4ssers gibt es unterschiedliche Lebensgemeinschaften. Die Verbreitung der Arten h\u00e4ngt von ihren spezifischen Umweltanspr\u00fcchen ab, zum Beispiel von Wassertemperatur, Sauerstoffgehalt und dem Vorhandensein geeigneter Laichgr\u00fcnde.<\/p>\n<p>Die Diemel oberhalb von Warburg ist der \u00c4schenregion zuzuordnen. Neben der \u00c4sche als Leitfischart kommen Bachforelle, M\u00fchlkoppe, Bachneunauge oder Elritze vor. Kennzeichnend f\u00fcr die \u00c4schenregion sind ein hoher Sauerstoffgehalt und Temperaturen, die nicht \u00fcber 15\u00b0C steigen. Das Gew\u00e4sserbett ist wegen der hohen Str\u00f6mungsgeschwindigkeit oft steinig und von Kiesb\u00e4nken durchsetzt. Die Kiesb\u00e4nke spielen eine wichtige Rolle, weil sie die meisten Fische der \u00c4schenregion zur Fortpflanzung ben\u00f6tigen: Sie legen dort als sogenannte \u201eSubstratlaicher\u201c ihre Eier ab.<\/p>\n<p>Ein Blick auf die Diemel zeigt, dass diese Beschreibung oberhalb von Warburg nicht oder nur in Teilen zutrifft. Hier wurde der Fluss aufgestaut, um die Wasserkraft zur Energiegewinnung zu nutzen. Wegen der langsameren Flie\u00dfgeschwindigkeit sinken Sauerstoffgehalt und Schleppkraft des Gew\u00e4ssers, gleichzeitig steigt die Temperatur. Die Diemel gleicht im R\u00fcckstaubereich des Wehres daher eher einem Tieflandfluss mit einem Artenspektrum, das nat\u00fcrlicherweise hier nicht anzutreffen w\u00e4re.<\/p>","protected":false},"excerpt":{"rendered":"<p>Entlang eines Flie\u00dfgew\u00e4ssers gibt es unterschiedliche Lebensgemeinschaften. Die Verbreitung der Arten h\u00e4ngt von ihren spezifischen Umweltanspr\u00fcchen ab, zum Beispiel von Wassertemperatur, Sauerstoffgehalt und dem Vorhandensein geeigneter Laichgr\u00fcnde. Die Diemel oberhalb von Warburg ist der \u00c4schenregion zuzuordnen. Neben der \u00c4sche als Leitfischart kommen Bachforelle, M\u00fchlkoppe, Bachneunauge oder Elritze vor. Kennzeichnend f\u00fcr die \u00c4schenregion sind ein hoher [&hellip;]<\/p>\n","protected":false},"author":1,"featured_media":2064,"parent":0,"menu_order":0,"comment_status":"open","ping_status":"open","template":"","meta":{"ngg_post_thumbnail":0},"_links":{"self":[{"href":"https:\/\/kalkmagerrasen.sawah.mobi\/index.php?rest_route=\/wp\/v2\/pages\/2196"}],"collection":[{"href":"https:\/\/kalkmagerrasen.sawah.mobi\/index.php?rest_route=\/wp\/v2\/pages"}],"about":[{"href":"https:\/\/kalkmagerrasen.sawah.mobi\/index.php?rest_route=\/wp\/v2\/types\/page"}],"author":[{"embeddable":true,"href":"https:\/\/kalkmagerrasen.sawah.mobi\/index.php?rest_route=\/wp\/v2\/users\/1"}],"replies":[{"embeddable":true,"href":"https:\/\/kalkmagerrasen.sawah.mobi\/index.php?rest_route=%2Fwp%2Fv2%2Fcomments&post=2196"}],"version-history":[{"count":3,"href":"https:\/\/kalkmagerrasen.sawah.mobi\/index.php?rest_route=\/wp\/v2\/pages\/2196\/revisions"}],"predecessor-version":[{"id":2199,"href":"https:\/\/kalkmagerrasen.sawah.mobi\/index.php?rest_route=\/wp\/v2\/pages\/2196\/revisions\/2199"}],"wp:featuredmedia":[{"embeddable":true,"href":"https:\/\/kalkmagerrasen.sawah.mobi\/index.php?rest_route=\/wp\/v2\/media\/2064"}],"wp:attachment":[{"href":"https:\/\/kalkmagerrasen.sawah.mobi\/index.php?rest_route=%2Fwp%2Fv2%2Fmedia&parent=2196"}],"curies":[{"name":"wp","href":"https:\/\/api.w.org\/{rel}","templated":true}]}}